{"id":49,"date":"2014-09-24T12:29:40","date_gmt":"2014-09-24T10:29:40","guid":{"rendered":"https:\/\/e2de.info\/?page_id=49"},"modified":"2015-05-28T17:34:14","modified_gmt":"2015-05-28T15:34:14","slug":"e2de-receiver","status":"publish","type":"page","link":"https:\/\/e2de.info\/?page_id=49&lang=de_DE","title":{"rendered":"E2DE Receiver"},"content":{"rendered":"<p><a href=\"https:\/\/e2de.info\/wp-content\/uploads\/2014\/09\/IMG_7376_k.jpg\"><img loading=\"lazy\" class=\"alignleft size-medium wp-image-57\" src=\"https:\/\/e2de.info\/wp-content\/uploads\/2014\/09\/IMG_7376_k-300x187.jpg\" alt=\"IMG_7376_k\" width=\"300\" height=\"187\" srcset=\"https:\/\/e2de.info\/wp-content\/uploads\/2014\/09\/IMG_7376_k-300x187.jpg 300w, https:\/\/e2de.info\/wp-content\/uploads\/2014\/09\/IMG_7376_k.jpg 748w\" sizes=\"(max-width: 300px) 100vw, 300px\" \/><\/a>Der E2DE Receiver \u00fcbernimmt die Entschl\u00fcsselung des HDMI Signals. Dies ist eine prototypische Implementierung die auch f\u00fcr Full-HD Aufl\u00f6sung funktioniert.<\/p>\n<p>&nbsp;<\/p>\n<p>&nbsp;<\/p>\n","protected":false},"excerpt":{"rendered":"<div class=\"mh-excerpt\"><p><a href=\"https:\/\/e2de.info\/wp-content\/uploads\/2014\/09\/IMG_7376_k.jpg\"><img loading=\"lazy\" class=\"alignleft size-medium wp-image-57\" src=\"https:\/\/e2de.info\/wp-content\/uploads\/2014\/09\/IMG_7376_k-300x187.jpg\" alt=\"IMG_7376_k\" width=\"300\" height=\"187\" srcset=\"https:\/\/e2de.info\/wp-content\/uploads\/2014\/09\/IMG_7376_k-300x187.jpg 300w, https:\/\/e2de.info\/wp-content\/uploads\/2014\/09\/IMG_7376_k.jpg 748w\" sizes=\"(max-width: 300px) 100vw, 300px\" \/><\/a>Der E2DE Re&#8230;<\/p>\n<\/div>","protected":false},"author":1,"featured_media":0,"parent":0,"menu_order":0,"comment_status":"closed","ping_status":"closed","template":"","meta":[],"_links":{"self":[{"href":"https:\/\/e2de.info?lang=de_DE%2Findex.php&rest_route=\/wp\/v2\/pages\/49"}],"collection":[{"href":"https:\/\/e2de.info?lang=de_DE%2Findex.php&rest_route=\/wp\/v2\/pages"}],"about":[{"href":"https:\/\/e2de.info?lang=de_DE%2Findex.php&rest_route=\/wp\/v2\/types\/page"}],"author":[{"embeddable":true,"href":"https:\/\/e2de.info?lang=de_DE%2Findex.php&rest_route=\/wp\/v2\/users\/1"}],"replies":[{"embeddable":true,"href":"https:\/\/e2de.info?lang=de_DE%2Findex.php&rest_route=%2Fwp%2Fv2%2Fcomments&post=49"}],"version-history":[{"count":5,"href":"https:\/\/e2de.info?lang=de_DE%2Findex.php&rest_route=\/wp\/v2\/pages\/49\/revisions"}],"predecessor-version":[{"id":126,"href":"https:\/\/e2de.info?lang=de_DE%2Findex.php&rest_route=\/wp\/v2\/pages\/49\/revisions\/126"}],"wp:attachment":[{"href":"https:\/\/e2de.info?lang=de_DE%2Findex.php&rest_route=%2Fwp%2Fv2%2Fmedia&parent=49"}],"curies":[{"name":"wp","href":"https:\/\/api.w.org\/{rel}","templated":true}]}}