{"id":14,"date":"2014-09-10T11:02:37","date_gmt":"2014-09-10T09:02:37","guid":{"rendered":"https:\/\/e2de.info\/?page_id=14"},"modified":"2015-05-29T17:16:30","modified_gmt":"2015-05-29T15:16:30","slug":"was-ist-e2de","status":"publish","type":"page","link":"https:\/\/e2de.info\/?lang=de_DE","title":{"rendered":"Was ist E2DE"},"content":{"rendered":"<p>&nbsp;<\/p>\n<p>Die End-to-Display Verschl\u00fcsselung erm\u00f6glicht die nicht-abh\u00f6rbare \u00dcbertragung von Informationen an einen Empf\u00e4nger, selbst dann wenn der Rechner des Empf\u00e4ngers mit Trojaner verseucht oder mit \u00dcberwachungssoftware ausgestattet ist. Durch die Entschl\u00fcsselung nach dem Rechner sind alle Informationen zu jeder Zeit verschl\u00fcsselt und werden nur entschl\u00fcsselt auf dem Monitor angezeigt. Ein Datenleck ist dadurch ebenso ausgeschlossen wie das Abh\u00f6ren der Informationen.<\/p>\n<p>&nbsp;<\/p>\n<p><a href=\"https:\/\/e2de.info\/wp-content\/uploads\/2014\/09\/cropped-E2EEvsE2DE.png\"><img loading=\"lazy\" class=\"wp-image-6 size-full aligncenter\" src=\"https:\/\/e2de.info\/wp-content\/uploads\/2014\/09\/cropped-E2EEvsE2DE.png\" alt=\"cropped-E2EEvsE2DE.png\" width=\"825\" height=\"177\" srcset=\"https:\/\/e2de.info\/wp-content\/uploads\/2014\/09\/cropped-E2EEvsE2DE.png 825w, https:\/\/e2de.info\/wp-content\/uploads\/2014\/09\/cropped-E2EEvsE2DE-300x64.png 300w\" sizes=\"(max-width: 825px) 100vw, 825px\" \/><\/a><\/p>\n<p>Die End-to-Display Verschl\u00fcsselung ist ein Projekt entworfen und entwickelt an der Universit\u00e4t T\u00fcbingen von den Lehrst\u00fchlen der Theoretischen Informatik und der Eingebetteten Systeme.<\/p>\n<p>&nbsp;<\/p>\n<p>&nbsp;<\/p>\n<p>&nbsp;<\/p>\n","protected":false},"excerpt":{"rendered":"<div class=\"mh-excerpt\"><p>&nbsp;<\/p>\n<p>Die End-to-Display Verschl\u00fcsselung erm\u00f6glicht die nicht-abh\u00f6rbare \u00dcbertragung von Informationen an einen Empf\u00e4nger, selbst dann wenn der Rechner des Empf\u00e4ngers mit Trojaner verseucht oder mit \u00dcberwachungssoftware ausgestattet ist. Durch die E&#8230;<\/p>\n<\/div>","protected":false},"author":1,"featured_media":5,"parent":0,"menu_order":0,"comment_status":"closed","ping_status":"closed","template":"","meta":[],"_links":{"self":[{"href":"https:\/\/e2de.info?lang=de_DE%2Findex.php&rest_route=\/wp\/v2\/pages\/14"}],"collection":[{"href":"https:\/\/e2de.info?lang=de_DE%2Findex.php&rest_route=\/wp\/v2\/pages"}],"about":[{"href":"https:\/\/e2de.info?lang=de_DE%2Findex.php&rest_route=\/wp\/v2\/types\/page"}],"author":[{"embeddable":true,"href":"https:\/\/e2de.info?lang=de_DE%2Findex.php&rest_route=\/wp\/v2\/users\/1"}],"replies":[{"embeddable":true,"href":"https:\/\/e2de.info?lang=de_DE%2Findex.php&rest_route=%2Fwp%2Fv2%2Fcomments&post=14"}],"version-history":[{"count":13,"href":"https:\/\/e2de.info?lang=de_DE%2Findex.php&rest_route=\/wp\/v2\/pages\/14\/revisions"}],"predecessor-version":[{"id":128,"href":"https:\/\/e2de.info?lang=de_DE%2Findex.php&rest_route=\/wp\/v2\/pages\/14\/revisions\/128"}],"wp:featuredmedia":[{"embeddable":true,"href":"https:\/\/e2de.info?lang=de_DE%2Findex.php&rest_route=\/wp\/v2\/media\/5"}],"wp:attachment":[{"href":"https:\/\/e2de.info?lang=de_DE%2Findex.php&rest_route=%2Fwp%2Fv2%2Fmedia&parent=14"}],"curies":[{"name":"wp","href":"https:\/\/api.w.org\/{rel}","templated":true}]}}